{"id":61,"date":"2020-10-23T20:18:10","date_gmt":"2020-10-23T20:18:10","guid":{"rendered":"https:\/\/urbanasur.com\/?page_id=61"},"modified":"2023-11-08T22:01:03","modified_gmt":"2023-11-08T22:01:03","slug":"contacto","status":"publish","type":"page","link":"https:\/\/urbanasur.com\/index.php\/contacto\/","title":{"rendered":"Contacto"},"content":{"rendered":"\t\t<div data-elementor-type=\"wp-page\" data-elementor-id=\"61\" class=\"elementor elementor-61\">\n\t\t\t\t\t\t<div class=\"elementor-inner\">\n\t\t\t\t<div class=\"elementor-section-wrap\">\n\t\t\t\t\t\t\t\t\t<section class=\"elementor-section elementor-top-section elementor-element elementor-element-7a69d28 elementor-section-boxed elementor-section-height-default elementor-section-height-default\" data-id=\"7a69d28\" data-element_type=\"section\" data-settings=\"{&quot;background_background&quot;:&quot;classic&quot;}\">\n\t\t\t\t\t\t<div class=\"elementor-container elementor-column-gap-default\">\n\t\t\t\t\t\t\t<div class=\"elementor-row\">\n\t\t\t\t\t<div class=\"elementor-column elementor-col-50 elementor-top-column elementor-element elementor-element-491875ad\" data-id=\"491875ad\" data-element_type=\"column\" data-settings=\"{&quot;background_background&quot;:&quot;classic&quot;}\">\n\t\t\t<div class=\"elementor-column-wrap elementor-element-populated\">\n\t\t\t\t\t\t\t<div class=\"elementor-widget-wrap\">\n\t\t\t\t\t\t<div class=\"elementor-element elementor-element-7e12db4e elementor-invisible elementor-widget elementor-widget-heading\" data-id=\"7e12db4e\" data-element_type=\"widget\" data-settings=\"{&quot;_animation&quot;:&quot;fadeIn&quot;}\" data-widget_type=\"heading.default\">\n\t\t\t\t<div class=\"elementor-widget-container\">\n\t\t\t<h1 class=\"elementor-heading-title elementor-size-default\">CONTACTANOS<\/h1>\t\t<\/div>\n\t\t\t\t<\/div>\n\t\t\t\t<div class=\"elementor-element elementor-element-361f3058 elementor-widget-divider--view-line elementor-widget elementor-widget-divider\" data-id=\"361f3058\" data-element_type=\"widget\" data-widget_type=\"divider.default\">\n\t\t\t\t<div class=\"elementor-widget-container\">\n\t\t\t\t\t<div class=\"elementor-divider\">\n\t\t\t<span class=\"elementor-divider-separator\">\n\t\t\t\t\t\t<\/span>\n\t\t<\/div>\n\t\t\t\t<\/div>\n\t\t\t\t<\/div>\n\t\t\t\t<div class=\"elementor-element elementor-element-e22b809 elementor-widget elementor-widget-text-editor\" data-id=\"e22b809\" data-element_type=\"widget\" data-widget_type=\"text-editor.default\">\n\t\t\t\t<div class=\"elementor-widget-container\">\n\t\t\t\t\t\t\t\t<div class=\"elementor-text-editor elementor-clearfix\">\n\t\t\t\t<p style=\"text-align: center;\">Tu Futuro Comienza Aqu\u00ed<\/p><p style=\"text-align: center;\">\u00bfList@ para dar el primer paso hacia la construcci\u00f3n de tus sue\u00f1os o la adquisici\u00f3n de tu propiedad ideal?<\/p><p style=\"text-align: center;\">\u00a1Estamos aqu\u00ed para ayudarte!<\/p>\t\t\t\t\t<\/div>\n\t\t\t\t\t\t<\/div>\n\t\t\t\t<\/div>\n\t\t\t\t<div class=\"elementor-element elementor-element-990670f elementor-hidden-tablet elementor-view-default elementor-invisible elementor-widget elementor-widget-icon\" data-id=\"990670f\" data-element_type=\"widget\" data-settings=\"{&quot;_animation&quot;:&quot;fadeInLeft&quot;}\" data-widget_type=\"icon.default\">\n\t\t\t\t<div class=\"elementor-widget-container\">\n\t\t\t\t\t<div class=\"elementor-icon-wrapper\">\n\t\t\t<a class=\"elementor-icon elementor-animation-hang\" href=\"#SEC01\">\n\t\t\t<i aria-hidden=\"true\" class=\"fas fa-angle-down\"><\/i>\t\t\t<\/a>\n\t\t<\/div>\n\t\t\t\t<\/div>\n\t\t\t\t<\/div>\n\t\t\t\t<div class=\"elementor-element elementor-element-438ef06 elementor-widget elementor-widget-spacer\" data-id=\"438ef06\" data-element_type=\"widget\" data-widget_type=\"spacer.default\">\n\t\t\t\t<div class=\"elementor-widget-container\">\n\t\t\t\t\t<div class=\"elementor-spacer\">\n\t\t\t<div class=\"elementor-spacer-inner\"><\/div>\n\t\t<\/div>\n\t\t\t\t<\/div>\n\t\t\t\t<\/div>\n\t\t\t\t<div class=\"elementor-element elementor-element-c8e448f elementor-widget elementor-widget-spacer\" data-id=\"c8e448f\" data-element_type=\"widget\" id=\"map1\" data-widget_type=\"spacer.default\">\n\t\t\t\t<div class=\"elementor-widget-container\">\n\t\t\t\t\t<div class=\"elementor-spacer\">\n\t\t\t<div class=\"elementor-spacer-inner\"><\/div>\n\t\t<\/div>\n\t\t\t\t<\/div>\n\t\t\t\t<\/div>\n\t\t\t\t\t\t<\/div>\n\t\t\t\t\t<\/div>\n\t\t<\/div>\n\t\t\t\t<div class=\"elementor-column elementor-col-50 elementor-top-column elementor-element elementor-element-687bfcb6\" data-id=\"687bfcb6\" data-element_type=\"column\">\n\t\t\t<div class=\"elementor-column-wrap elementor-element-populated\">\n\t\t\t\t\t\t\t<div class=\"elementor-widget-wrap\">\n\t\t\t\t\t\t<div class=\"elementor-element elementor-element-3da0be45 elementor-widget elementor-widget-google_maps\" data-id=\"3da0be45\" data-element_type=\"widget\" data-widget_type=\"google_maps.default\">\n\t\t\t\t<div class=\"elementor-widget-container\">\n\t\t\t\t\t<div class=\"elementor-custom-embed\">\n\t\t\t<iframe frameborder=\"0\" scrolling=\"no\" marginheight=\"0\" marginwidth=\"0\"\n\t\t\t\t\tsrc=\"https:\/\/maps.google.com\/maps?q=Calle%2049%20No.%2050-20%2C%20ANDES&#038;t=m&#038;z=17&#038;output=embed&#038;iwloc=near\"\n\t\t\t\t\ttitle=\"Calle 49 No. 50-20, ANDES\"\n\t\t\t\t\taria-label=\"Calle 49 No. 50-20, ANDES\"\n\t\t\t><\/iframe>\n\t\t<\/div>\n\t\t\t\t<\/div>\n\t\t\t\t<\/div>\n\t\t\t\t\t\t<\/div>\n\t\t\t\t\t<\/div>\n\t\t<\/div>\n\t\t\t\t\t\t\t\t<\/div>\n\t\t\t\t\t<\/div>\n\t\t<\/section>\n\t\t\t\t<section class=\"elementor-section elementor-top-section elementor-element elementor-element-350dc86c elementor-section-boxed elementor-section-height-default elementor-section-height-default\" data-id=\"350dc86c\" data-element_type=\"section\" id=\"sec02\" data-settings=\"{&quot;background_background&quot;:&quot;classic&quot;}\">\n\t\t\t\t\t\t<div class=\"elementor-container elementor-column-gap-no\">\n\t\t\t\t\t\t\t<div class=\"elementor-row\">\n\t\t\t\t\t<div class=\"elementor-column elementor-col-50 elementor-top-column elementor-element elementor-element-1db45107\" data-id=\"1db45107\" data-element_type=\"column\">\n\t\t\t<div class=\"elementor-column-wrap elementor-element-populated\">\n\t\t\t\t\t\t\t<div class=\"elementor-widget-wrap\">\n\t\t\t\t\t\t<section class=\"elementor-section elementor-inner-section elementor-element elementor-element-6b3e1a19 elementor-section-boxed elementor-section-height-default elementor-section-height-default\" data-id=\"6b3e1a19\" data-element_type=\"section\" id=\"SEC01\" data-settings=\"{&quot;background_background&quot;:&quot;classic&quot;}\">\n\t\t\t\t\t\t<div class=\"elementor-container elementor-column-gap-default\">\n\t\t\t\t\t\t\t<div class=\"elementor-row\">\n\t\t\t\t\t<section class=\"elementor-column elementor-col-100 elementor-inner-column elementor-element elementor-element-522dfd2a\" data-id=\"522dfd2a\" data-element_type=\"column\" data-settings=\"{&quot;background_background&quot;:&quot;classic&quot;}\">\n\t\t\t<div class=\"elementor-column-wrap elementor-element-populated\">\n\t\t\t\t\t\t\t<div class=\"elementor-widget-wrap\">\n\t\t\t\t\t\t<div class=\"elementor-element elementor-element-505fb43b elementor-view-default elementor-widget elementor-widget-icon\" data-id=\"505fb43b\" data-element_type=\"widget\" data-widget_type=\"icon.default\">\n\t\t\t\t<div class=\"elementor-widget-container\">\n\t\t\t\t\t<div class=\"elementor-icon-wrapper\">\n\t\t\t<div class=\"elementor-icon\">\n\t\t\t<i aria-hidden=\"true\" class=\"fas fa-phone\"><\/i>\t\t\t<\/div>\n\t\t<\/div>\n\t\t\t\t<\/div>\n\t\t\t\t<\/div>\n\t\t\t\t<div class=\"elementor-element elementor-element-2b96813f elementor-invisible elementor-widget elementor-widget-heading\" data-id=\"2b96813f\" data-element_type=\"widget\" data-settings=\"{&quot;_animation&quot;:&quot;fadeIn&quot;}\" data-widget_type=\"heading.default\">\n\t\t\t\t<div class=\"elementor-widget-container\">\n\t\t\t<h3 class=\"elementor-heading-title elementor-size-default\">TEL\u00c9FONO<\/h3>\t\t<\/div>\n\t\t\t\t<\/div>\n\t\t\t\t<div class=\"elementor-element elementor-element-eafa33f elementor-widget elementor-widget-heading\" data-id=\"eafa33f\" data-element_type=\"widget\" data-widget_type=\"heading.default\">\n\t\t\t\t<div class=\"elementor-widget-container\">\n\t\t\t<h2 class=\"elementor-heading-title elementor-size-default\">321 648 0372<\/h2>\t\t<\/div>\n\t\t\t\t<\/div>\n\t\t\t\t\t\t<\/div>\n\t\t\t\t\t<\/div>\n\t\t<\/section>\n\t\t\t\t\t\t\t\t<\/div>\n\t\t\t\t\t<\/div>\n\t\t<\/section>\n\t\t\t\t<section class=\"elementor-section elementor-inner-section elementor-element elementor-element-9fe7d12 elementor-section-boxed elementor-section-height-default elementor-section-height-default\" data-id=\"9fe7d12\" data-element_type=\"section\" data-settings=\"{&quot;background_background&quot;:&quot;classic&quot;}\">\n\t\t\t\t\t\t<div class=\"elementor-container elementor-column-gap-default\">\n\t\t\t\t\t\t\t<div class=\"elementor-row\">\n\t\t\t\t\t<section class=\"elementor-column elementor-col-100 elementor-inner-column elementor-element elementor-element-45faac4\" data-id=\"45faac4\" data-element_type=\"column\" data-settings=\"{&quot;background_background&quot;:&quot;classic&quot;}\">\n\t\t\t<div class=\"elementor-column-wrap elementor-element-populated\">\n\t\t\t\t\t\t\t<div class=\"elementor-widget-wrap\">\n\t\t\t\t\t\t<div class=\"elementor-element elementor-element-494ed52 elementor-view-default elementor-widget elementor-widget-icon\" data-id=\"494ed52\" data-element_type=\"widget\" data-widget_type=\"icon.default\">\n\t\t\t\t<div class=\"elementor-widget-container\">\n\t\t\t\t\t<div class=\"elementor-icon-wrapper\">\n\t\t\t<div class=\"elementor-icon\">\n\t\t\t<i aria-hidden=\"true\" class=\"far fa-envelope\"><\/i>\t\t\t<\/div>\n\t\t<\/div>\n\t\t\t\t<\/div>\n\t\t\t\t<\/div>\n\t\t\t\t<div class=\"elementor-element elementor-element-bd1d696 elementor-invisible elementor-widget elementor-widget-heading\" data-id=\"bd1d696\" data-element_type=\"widget\" data-settings=\"{&quot;_animation&quot;:&quot;fadeIn&quot;}\" data-widget_type=\"heading.default\">\n\t\t\t\t<div class=\"elementor-widget-container\">\n\t\t\t<h3 class=\"elementor-heading-title elementor-size-default\">correo<\/h3>\t\t<\/div>\n\t\t\t\t<\/div>\n\t\t\t\t<div class=\"elementor-element elementor-element-a1b2e8a elementor-widget elementor-widget-heading\" data-id=\"a1b2e8a\" data-element_type=\"widget\" data-widget_type=\"heading.default\">\n\t\t\t\t<div class=\"elementor-widget-container\">\n\t\t\t<h2 class=\"elementor-heading-title elementor-size-default\">contacto@urbanasur.com<\/h2>\t\t<\/div>\n\t\t\t\t<\/div>\n\t\t\t\t\t\t<\/div>\n\t\t\t\t\t<\/div>\n\t\t<\/section>\n\t\t\t\t\t\t\t\t<\/div>\n\t\t\t\t\t<\/div>\n\t\t<\/section>\n\t\t\t\t<section class=\"elementor-section elementor-inner-section elementor-element elementor-element-c9badd2 elementor-section-boxed elementor-section-height-default elementor-section-height-default\" data-id=\"c9badd2\" data-element_type=\"section\" data-settings=\"{&quot;background_background&quot;:&quot;classic&quot;}\">\n\t\t\t\t\t\t<div class=\"elementor-container elementor-column-gap-default\">\n\t\t\t\t\t\t\t<div class=\"elementor-row\">\n\t\t\t\t\t<section class=\"elementor-column elementor-col-100 elementor-inner-column elementor-element elementor-element-1f8457f\" data-id=\"1f8457f\" data-element_type=\"column\" data-settings=\"{&quot;background_background&quot;:&quot;classic&quot;}\">\n\t\t\t<div class=\"elementor-column-wrap elementor-element-populated\">\n\t\t\t\t\t\t\t<div class=\"elementor-widget-wrap\">\n\t\t\t\t\t\t<div class=\"elementor-element elementor-element-f164a44 elementor-view-default elementor-widget elementor-widget-icon\" data-id=\"f164a44\" data-element_type=\"widget\" data-widget_type=\"icon.default\">\n\t\t\t\t<div class=\"elementor-widget-container\">\n\t\t\t\t\t<div class=\"elementor-icon-wrapper\">\n\t\t\t<div class=\"elementor-icon\">\n\t\t\t<i aria-hidden=\"true\" class=\"fas fa-map-marked\"><\/i>\t\t\t<\/div>\n\t\t<\/div>\n\t\t\t\t<\/div>\n\t\t\t\t<\/div>\n\t\t\t\t<div class=\"elementor-element elementor-element-1988b9e elementor-invisible elementor-widget elementor-widget-heading\" data-id=\"1988b9e\" data-element_type=\"widget\" data-settings=\"{&quot;_animation&quot;:&quot;fadeIn&quot;}\" data-widget_type=\"heading.default\">\n\t\t\t\t<div class=\"elementor-widget-container\">\n\t\t\t<h3 class=\"elementor-heading-title elementor-size-default\">Andes - ANTIOQUIA<\/h3>\t\t<\/div>\n\t\t\t\t<\/div>\n\t\t\t\t<div class=\"elementor-element elementor-element-d111327 elementor-widget elementor-widget-heading\" data-id=\"d111327\" data-element_type=\"widget\" data-widget_type=\"heading.default\">\n\t\t\t\t<div class=\"elementor-widget-container\">\n\t\t\t<h2 class=\"elementor-heading-title elementor-size-default\">Calle 49a No 51-26<\/h2>\t\t<\/div>\n\t\t\t\t<\/div>\n\t\t\t\t\t\t<\/div>\n\t\t\t\t\t<\/div>\n\t\t<\/section>\n\t\t\t\t\t\t\t\t<\/div>\n\t\t\t\t\t<\/div>\n\t\t<\/section>\n\t\t\t\t<div class=\"elementor-element elementor-element-9ce1406 elementor-hidden-desktop elementor-hidden-tablet elementor-widget elementor-widget-spacer\" data-id=\"9ce1406\" data-element_type=\"widget\" data-widget_type=\"spacer.default\">\n\t\t\t\t<div class=\"elementor-widget-container\">\n\t\t\t\t\t<div class=\"elementor-spacer\">\n\t\t\t<div class=\"elementor-spacer-inner\"><\/div>\n\t\t<\/div>\n\t\t\t\t<\/div>\n\t\t\t\t<\/div>\n\t\t\t\t\t\t<\/div>\n\t\t\t\t\t<\/div>\n\t\t<\/div>\n\t\t\t\t<div class=\"elementor-column elementor-col-50 elementor-top-column elementor-element elementor-element-260b60a4\" data-id=\"260b60a4\" data-element_type=\"column\" data-settings=\"{&quot;background_background&quot;:&quot;classic&quot;}\">\n\t\t\t<div class=\"elementor-column-wrap elementor-element-populated\">\n\t\t\t\t\t<div class=\"elementor-background-overlay\"><\/div>\n\t\t\t\t\t\t\t<div class=\"elementor-widget-wrap\">\n\t\t\t\t\t\t<div class=\"elementor-element elementor-element-2f7cd78c elementor-invisible elementor-widget elementor-widget-heading\" data-id=\"2f7cd78c\" data-element_type=\"widget\" data-settings=\"{&quot;_animation&quot;:&quot;fadeIn&quot;}\" data-widget_type=\"heading.default\">\n\t\t\t\t<div class=\"elementor-widget-container\">\n\t\t\t<span class=\"elementor-heading-title elementor-size-default\">Env\u00edenos su Mensaje<\/span>\t\t<\/div>\n\t\t\t\t<\/div>\n\t\t\t\t<div class=\"elementor-element elementor-element-523b865 eael-contact-form-7-button-align-center eael-contact-form-7-button-custom elementor-widget elementor-widget-eael-contact-form-7\" data-id=\"523b865\" data-element_type=\"widget\" data-widget_type=\"eael-contact-form-7.default\">\n\t\t\t\t<div class=\"elementor-widget-container\">\n\t\t\t<div class=\"eael-contact-form-7-wrapper\">\n                <div class=\"eael-contact-form eael-contact-form-7 eael-contact-form-523b865 placeholder-show eael-contact-form-align-default\"><div role=\"form\" class=\"wpcf7\" id=\"wpcf7-f4-o1\" lang=\"es-CO\" dir=\"ltr\">\n<div class=\"screen-reader-response\"><p role=\"status\" aria-live=\"polite\" aria-atomic=\"true\"><\/p> <ul><\/ul><\/div>\n<form action=\"\/index.php\/wp-json\/wp\/v2\/pages\/61#wpcf7-f4-o1\" method=\"post\" class=\"wpcf7-form init\" novalidate=\"novalidate\" data-status=\"init\">\n<div style=\"display: none;\">\n<input type=\"hidden\" name=\"_wpcf7\" value=\"4\" \/>\n<input type=\"hidden\" name=\"_wpcf7_version\" value=\"5.6.2\" \/>\n<input type=\"hidden\" name=\"_wpcf7_locale\" value=\"es_CO\" \/>\n<input type=\"hidden\" name=\"_wpcf7_unit_tag\" value=\"wpcf7-f4-o1\" \/>\n<input type=\"hidden\" name=\"_wpcf7_container_post\" value=\"0\" \/>\n<input type=\"hidden\" name=\"_wpcf7_posted_data_hash\" value=\"\" \/>\n<\/div>\n<p><label> Nombre:<br \/>\n    <span class=\"wpcf7-form-control-wrap\" data-name=\"your-name\"><input type=\"text\" name=\"your-name\" value=\"\" size=\"40\" class=\"wpcf7-form-control wpcf7-text wpcf7-validates-as-required\" aria-required=\"true\" aria-invalid=\"false\" \/><\/span> <\/label><\/p>\n<p><label> Email:<br \/>\n    <span class=\"wpcf7-form-control-wrap\" data-name=\"your-email\"><input type=\"email\" name=\"your-email\" value=\"\" size=\"40\" class=\"wpcf7-form-control wpcf7-text wpcf7-email wpcf7-validates-as-required wpcf7-validates-as-email\" aria-required=\"true\" aria-invalid=\"false\" \/><\/span> <\/label><\/p>\n<p><label>Tel\u00e9fono:<br \/>\n<span class=\"wpcf7-form-control-wrap\" data-name=\"telefono\"><input type=\"tel\" name=\"telefono\" value=\"\" size=\"40\" class=\"wpcf7-form-control wpcf7-text wpcf7-tel wpcf7-validates-as-tel\" aria-invalid=\"false\" \/><\/span> <\/label><\/p>\n<p><label> Mensaje:<br \/>\n    <span class=\"wpcf7-form-control-wrap\" data-name=\"your-subject\"><textarea name=\"your-subject\" cols=\"40\" rows=\"10\" class=\"wpcf7-form-control wpcf7-textarea\" aria-invalid=\"false\"><\/textarea><\/span> <\/label><\/p>\n<p><input type=\"submit\" value=\"Enviar\" class=\"wpcf7-form-control has-spinner wpcf7-submit\" \/><\/p>\n<div class=\"wpcf7-response-output\" aria-hidden=\"true\"><\/div><\/form><\/div><\/div>\n            <\/div>\t\t<\/div>\n\t\t\t\t<\/div>\n\t\t\t\t\t\t<\/div>\n\t\t\t\t\t<\/div>\n\t\t<\/div>\n\t\t\t\t\t\t\t\t<\/div>\n\t\t\t\t\t<\/div>\n\t\t<\/section>\n\t\t\t\t\t\t\t\t\t<\/div>\n\t\t\t<\/div>\n\t\t\t\t\t<\/div>\n\t\t","protected":false},"excerpt":{"rendered":"<p>CONTACTANOS Tu Futuro Comienza Aqu\u00ed \u00bfList@ para dar el primer paso hacia la construcci\u00f3n de tus sue\u00f1os o la adquisici\u00f3n de tu propiedad ideal? \u00a1Estamos aqu\u00ed para ayudarte! TEL\u00c9FONO 321 648 0372 correo contacto@urbanasur.com Andes &#8211; ANTIOQUIA Calle 49a No 51-26 Env\u00edenos su Mensaje Nombre: Email: Tel\u00e9fono: Mensaje:<\/p>\n","protected":false},"author":1,"featured_media":0,"parent":0,"menu_order":5,"comment_status":"closed","ping_status":"closed","template":"","meta":{"site-sidebar-layout":"no-sidebar","site-content-layout":"page-builder","ast-main-header-display":"","ast-hfb-above-header-display":"","ast-hfb-below-header-display":"","ast-hfb-mobile-header-display":"","site-post-title":"disabled","ast-breadcrumbs-content":"","ast-featured-img":"disabled","footer-sml-layout":"","theme-transparent-header-meta":"default","adv-header-id-meta":"","stick-header-meta":"","header-above-stick-meta":"","header-main-stick-meta":"","header-below-stick-meta":"","footnotes":""},"yoast_head":"<!-- This site is optimized with the Yoast SEO plugin v19.5.1 - https:\/\/yoast.com\/wordpress\/plugins\/seo\/ -->\n<title>Contacto | Urbanasur Constructora Inmobiliaria<\/title>\n<meta name=\"robots\" content=\"index, follow, max-snippet:-1, max-image-preview:large, max-video-preview:-1\" \/>\n<link rel=\"canonical\" href=\"https:\/\/urbanasur.com\/index.php\/contacto\/\" \/>\n<meta property=\"og:locale\" content=\"es_ES\" \/>\n<meta property=\"og:type\" content=\"article\" \/>\n<meta property=\"og:title\" content=\"Contacto | Urbanasur Constructora Inmobiliaria\" \/>\n<meta property=\"og:description\" content=\"CONTACTANOS Tu Futuro Comienza Aqu\u00ed \u00bfList@ para dar el primer paso hacia la construcci\u00f3n de tus sue\u00f1os o la adquisici\u00f3n de tu propiedad ideal? \u00a1Estamos aqu\u00ed para ayudarte! TEL\u00c9FONO 321 648 0372 correo contacto@urbanasur.com Andes &#8211; ANTIOQUIA Calle 49a No 51-26 Env\u00edenos su Mensaje Nombre: Email: Tel\u00e9fono: Mensaje:\" \/>\n<meta property=\"og:url\" content=\"https:\/\/urbanasur.com\/index.php\/contacto\/\" \/>\n<meta property=\"og:site_name\" content=\"Urbanasur Constructora Inmobiliaria\" \/>\n<meta property=\"article:publisher\" content=\"https:\/\/www.facebook.com\/Umbral-Constructora-Inmobiliaria-SAS-1762503877367925\" \/>\n<meta property=\"article:modified_time\" content=\"2023-11-08T22:01:03+00:00\" \/>\n<meta name=\"twitter:card\" content=\"summary_large_image\" \/>\n<meta name=\"twitter:label1\" content=\"Tiempo estimado de lectura\" \/>\n\t<meta name=\"twitter:data1\" content=\"1 minuto\" \/>\n<script type=\"application\/ld+json\" class=\"yoast-schema-graph\">{\"@context\":\"https:\/\/schema.org\",\"@graph\":[{\"@type\":\"WebPage\",\"@id\":\"https:\/\/urbanasur.com\/index.php\/contacto\/\",\"url\":\"https:\/\/urbanasur.com\/index.php\/contacto\/\",\"name\":\"Contacto | Urbanasur Constructora Inmobiliaria\",\"isPartOf\":{\"@id\":\"https:\/\/urbanasur.com\/#website\"},\"datePublished\":\"2020-10-23T20:18:10+00:00\",\"dateModified\":\"2023-11-08T22:01:03+00:00\",\"breadcrumb\":{\"@id\":\"https:\/\/urbanasur.com\/index.php\/contacto\/#breadcrumb\"},\"inLanguage\":\"es-CO\",\"potentialAction\":[{\"@type\":\"ReadAction\",\"target\":[\"https:\/\/urbanasur.com\/index.php\/contacto\/\"]}]},{\"@type\":\"BreadcrumbList\",\"@id\":\"https:\/\/urbanasur.com\/index.php\/contacto\/#breadcrumb\",\"itemListElement\":[{\"@type\":\"ListItem\",\"position\":1,\"name\":\"Home\",\"item\":\"https:\/\/urbanasur.com\/\"},{\"@type\":\"ListItem\",\"position\":2,\"name\":\"Contacto\"}]},{\"@type\":\"WebSite\",\"@id\":\"https:\/\/urbanasur.com\/#website\",\"url\":\"https:\/\/urbanasur.com\/\",\"name\":\"Umbral Constructora Inmobiliaria\",\"description\":\"Soluciones de Arquitectura, Ingenier\u00eda e Inmobiliarias\",\"publisher\":{\"@id\":\"https:\/\/urbanasur.com\/#organization\"},\"potentialAction\":[{\"@type\":\"SearchAction\",\"target\":{\"@type\":\"EntryPoint\",\"urlTemplate\":\"https:\/\/urbanasur.com\/?s={search_term_string}\"},\"query-input\":\"required name=search_term_string\"}],\"inLanguage\":\"es-CO\"},{\"@type\":\"Organization\",\"@id\":\"https:\/\/urbanasur.com\/#organization\",\"name\":\"Umbral Constructora Inmobiliaria\",\"url\":\"https:\/\/urbanasur.com\/\",\"sameAs\":[\"https:\/\/www.facebook.com\/Umbral-Constructora-Inmobiliaria-SAS-1762503877367925\"],\"logo\":{\"@type\":\"ImageObject\",\"inLanguage\":\"es-CO\",\"@id\":\"https:\/\/urbanasur.com\/#\/schema\/logo\/image\/\",\"url\":\"https:\/\/urbanasur.com\/wp-content\/uploads\/2020\/11\/logo-2.png\",\"contentUrl\":\"https:\/\/urbanasur.com\/wp-content\/uploads\/2020\/11\/logo-2.png\",\"width\":3032,\"height\":1576,\"caption\":\"Umbral Constructora Inmobiliaria\"},\"image\":{\"@id\":\"https:\/\/urbanasur.com\/#\/schema\/logo\/image\/\"}}]}<\/script>\n<!-- \/ Yoast SEO plugin. -->","yoast_head_json":{"title":"Contacto | Urbanasur Constructora Inmobiliaria","robots":{"index":"index","follow":"follow","max-snippet":"max-snippet:-1","max-image-preview":"max-image-preview:large","max-video-preview":"max-video-preview:-1"},"canonical":"https:\/\/urbanasur.com\/index.php\/contacto\/","og_locale":"es_ES","og_type":"article","og_title":"Contacto | Urbanasur Constructora Inmobiliaria","og_description":"CONTACTANOS Tu Futuro Comienza Aqu\u00ed \u00bfList@ para dar el primer paso hacia la construcci\u00f3n de tus sue\u00f1os o la adquisici\u00f3n de tu propiedad ideal? \u00a1Estamos aqu\u00ed para ayudarte! TEL\u00c9FONO 321 648 0372 correo contacto@urbanasur.com Andes &#8211; ANTIOQUIA Calle 49a No 51-26 Env\u00edenos su Mensaje Nombre: Email: Tel\u00e9fono: Mensaje:","og_url":"https:\/\/urbanasur.com\/index.php\/contacto\/","og_site_name":"Urbanasur Constructora Inmobiliaria","article_publisher":"https:\/\/www.facebook.com\/Umbral-Constructora-Inmobiliaria-SAS-1762503877367925","article_modified_time":"2023-11-08T22:01:03+00:00","twitter_card":"summary_large_image","twitter_misc":{"Tiempo estimado de lectura":"1 minuto"},"schema":{"@context":"https:\/\/schema.org","@graph":[{"@type":"WebPage","@id":"https:\/\/urbanasur.com\/index.php\/contacto\/","url":"https:\/\/urbanasur.com\/index.php\/contacto\/","name":"Contacto | Urbanasur Constructora Inmobiliaria","isPartOf":{"@id":"https:\/\/urbanasur.com\/#website"},"datePublished":"2020-10-23T20:18:10+00:00","dateModified":"2023-11-08T22:01:03+00:00","breadcrumb":{"@id":"https:\/\/urbanasur.com\/index.php\/contacto\/#breadcrumb"},"inLanguage":"es-CO","potentialAction":[{"@type":"ReadAction","target":["https:\/\/urbanasur.com\/index.php\/contacto\/"]}]},{"@type":"BreadcrumbList","@id":"https:\/\/urbanasur.com\/index.php\/contacto\/#breadcrumb","itemListElement":[{"@type":"ListItem","position":1,"name":"Home","item":"https:\/\/urbanasur.com\/"},{"@type":"ListItem","position":2,"name":"Contacto"}]},{"@type":"WebSite","@id":"https:\/\/urbanasur.com\/#website","url":"https:\/\/urbanasur.com\/","name":"Umbral Constructora Inmobiliaria","description":"Soluciones de Arquitectura, Ingenier\u00eda e Inmobiliarias","publisher":{"@id":"https:\/\/urbanasur.com\/#organization"},"potentialAction":[{"@type":"SearchAction","target":{"@type":"EntryPoint","urlTemplate":"https:\/\/urbanasur.com\/?s={search_term_string}"},"query-input":"required name=search_term_string"}],"inLanguage":"es-CO"},{"@type":"Organization","@id":"https:\/\/urbanasur.com\/#organization","name":"Umbral Constructora Inmobiliaria","url":"https:\/\/urbanasur.com\/","sameAs":["https:\/\/www.facebook.com\/Umbral-Constructora-Inmobiliaria-SAS-1762503877367925"],"logo":{"@type":"ImageObject","inLanguage":"es-CO","@id":"https:\/\/urbanasur.com\/#\/schema\/logo\/image\/","url":"https:\/\/urbanasur.com\/wp-content\/uploads\/2020\/11\/logo-2.png","contentUrl":"https:\/\/urbanasur.com\/wp-content\/uploads\/2020\/11\/logo-2.png","width":3032,"height":1576,"caption":"Umbral Constructora Inmobiliaria"},"image":{"@id":"https:\/\/urbanasur.com\/#\/schema\/logo\/image\/"}}]}},"_links":{"self":[{"href":"https:\/\/urbanasur.com\/index.php\/wp-json\/wp\/v2\/pages\/61"}],"collection":[{"href":"https:\/\/urbanasur.com\/index.php\/wp-json\/wp\/v2\/pages"}],"about":[{"href":"https:\/\/urbanasur.com\/index.php\/wp-json\/wp\/v2\/types\/page"}],"author":[{"embeddable":true,"href":"https:\/\/urbanasur.com\/index.php\/wp-json\/wp\/v2\/users\/1"}],"replies":[{"embeddable":true,"href":"https:\/\/urbanasur.com\/index.php\/wp-json\/wp\/v2\/comments?post=61"}],"version-history":[{"count":309,"href":"https:\/\/urbanasur.com\/index.php\/wp-json\/wp\/v2\/pages\/61\/revisions"}],"predecessor-version":[{"id":2814,"href":"https:\/\/urbanasur.com\/index.php\/wp-json\/wp\/v2\/pages\/61\/revisions\/2814"}],"wp:attachment":[{"href":"https:\/\/urbanasur.com\/index.php\/wp-json\/wp\/v2\/media?parent=61"}],"curies":[{"name":"wp","href":"https:\/\/api.w.org\/{rel}","templated":true}]}}