{"id":55,"date":"2020-10-23T20:16:00","date_gmt":"2020-10-23T20:16:00","guid":{"rendered":"https:\/\/urbanasur.com\/?page_id=55"},"modified":"2024-02-14T16:41:57","modified_gmt":"2024-02-14T16:41:57","slug":"sobre-nosotros","status":"publish","type":"page","link":"https:\/\/urbanasur.com\/index.php\/sobre-nosotros\/","title":{"rendered":"Sobre Nosotros"},"content":{"rendered":"\t\t<div data-elementor-type=\"wp-page\" data-elementor-id=\"55\" class=\"elementor elementor-55\">\n\t\t\t\t\t\t<div class=\"elementor-inner\">\n\t\t\t\t<div class=\"elementor-section-wrap\">\n\t\t\t\t\t\t\t\t\t<section class=\"elementor-section elementor-top-section elementor-element elementor-element-d0e70da elementor-section-stretched elementor-section-height-min-height elementor-section-full_width elementor-section-height-default elementor-section-items-middle\" data-id=\"d0e70da\" data-element_type=\"section\" data-settings=\"{&quot;stretch_section&quot;:&quot;section-stretched&quot;,&quot;background_background&quot;:&quot;classic&quot;}\">\n\t\t\t\t\t\t\t<div class=\"elementor-background-overlay\"><\/div>\n\t\t\t\t\t\t\t<div class=\"elementor-container elementor-column-gap-default\">\n\t\t\t\t\t\t\t<div class=\"elementor-row\">\n\t\t\t\t\t<div class=\"elementor-column elementor-col-100 elementor-top-column elementor-element elementor-element-f210a00\" data-id=\"f210a00\" data-element_type=\"column\">\n\t\t\t<div class=\"elementor-column-wrap elementor-element-populated\">\n\t\t\t\t\t\t\t<div class=\"elementor-widget-wrap\">\n\t\t\t\t\t\t<div class=\"elementor-element elementor-element-bb3b288 elementor-invisible elementor-widget elementor-widget-heading\" data-id=\"bb3b288\" data-element_type=\"widget\" data-settings=\"{&quot;_animation&quot;:&quot;fadeIn&quot;}\" data-widget_type=\"heading.default\">\n\t\t\t\t<div class=\"elementor-widget-container\">\n\t\t\t<h1 class=\"elementor-heading-title elementor-size-default\">SOMOS<\/h1>\t\t<\/div>\n\t\t\t\t<\/div>\n\t\t\t\t<div class=\"elementor-element elementor-element-871c28c elementor-invisible elementor-widget elementor-widget-heading\" data-id=\"871c28c\" data-element_type=\"widget\" data-settings=\"{&quot;_animation&quot;:&quot;fadeInDown&quot;}\" data-widget_type=\"heading.default\">\n\t\t\t\t<div class=\"elementor-widget-container\">\n\t\t\t<span class=\"elementor-heading-title elementor-size-default\">Profesionales apasionados,  comprometidos y en constante actualizaci\u00f3n.<\/span>\t\t<\/div>\n\t\t\t\t<\/div>\n\t\t\t\t<div class=\"elementor-element elementor-element-cc156ab elementor-absolute elementor-hidden-phone elementor-view-default elementor-invisible elementor-widget elementor-widget-icon\" data-id=\"cc156ab\" data-element_type=\"widget\" data-settings=\"{&quot;_animation&quot;:&quot;fadeInLeft&quot;,&quot;_position&quot;:&quot;absolute&quot;}\" data-widget_type=\"icon.default\">\n\t\t\t\t<div class=\"elementor-widget-container\">\n\t\t\t\t\t<div class=\"elementor-icon-wrapper\">\n\t\t\t<a class=\"elementor-icon elementor-animation-hang\" href=\"#members\">\n\t\t\t<i aria-hidden=\"true\" class=\"fas fa-angle-down\"><\/i>\t\t\t<\/a>\n\t\t<\/div>\n\t\t\t\t<\/div>\n\t\t\t\t<\/div>\n\t\t\t\t<div class=\"elementor-element elementor-element-1800035 elementor-hidden-desktop elementor-hidden-tablet elementor-view-default elementor-invisible elementor-widget elementor-widget-icon\" data-id=\"1800035\" data-element_type=\"widget\" data-settings=\"{&quot;_animation&quot;:&quot;fadeInLeft&quot;}\" data-widget_type=\"icon.default\">\n\t\t\t\t<div class=\"elementor-widget-container\">\n\t\t\t\t\t<div class=\"elementor-icon-wrapper\">\n\t\t\t<a class=\"elementor-icon elementor-animation-hang\" href=\"#members\">\n\t\t\t<i aria-hidden=\"true\" class=\"fas fa-angle-down\"><\/i>\t\t\t<\/a>\n\t\t<\/div>\n\t\t\t\t<\/div>\n\t\t\t\t<\/div>\n\t\t\t\t\t\t<\/div>\n\t\t\t\t\t<\/div>\n\t\t<\/div>\n\t\t\t\t\t\t\t\t<\/div>\n\t\t\t\t\t<\/div>\n\t\t<\/section>\n\t\t\t\t<section class=\"elementor-section elementor-top-section elementor-element elementor-element-186567f elementor-section-height-min-height elementor-section-boxed elementor-section-height-default elementor-section-items-middle\" data-id=\"186567f\" data-element_type=\"section\" id=\"members\" data-settings=\"{&quot;background_background&quot;:&quot;classic&quot;}\">\n\t\t\t\t\t\t\t<div class=\"elementor-background-overlay\"><\/div>\n\t\t\t\t\t\t\t<div class=\"elementor-container elementor-column-gap-default\">\n\t\t\t\t\t\t\t<div class=\"elementor-row\">\n\t\t\t\t\t<div class=\"elementor-column elementor-col-100 elementor-top-column elementor-element elementor-element-e3231fe\" data-id=\"e3231fe\" data-element_type=\"column\">\n\t\t\t<div class=\"elementor-column-wrap elementor-element-populated\">\n\t\t\t\t\t\t\t<div class=\"elementor-widget-wrap\">\n\t\t\t\t\t\t<div class=\"elementor-element elementor-element-15db71d elementor-widget elementor-widget-heading\" data-id=\"15db71d\" data-element_type=\"widget\" data-widget_type=\"heading.default\">\n\t\t\t\t<div class=\"elementor-widget-container\">\n\t\t\t<h2 class=\"elementor-heading-title elementor-size-default\">EQUIPO DE MIEMBROS<\/h2>\t\t<\/div>\n\t\t\t\t<\/div>\n\t\t\t\t<section class=\"elementor-section elementor-inner-section elementor-element elementor-element-7bb3c96 elementor-section-boxed elementor-section-height-default elementor-section-height-default\" data-id=\"7bb3c96\" data-element_type=\"section\">\n\t\t\t\t\t\t<div class=\"elementor-container elementor-column-gap-default\">\n\t\t\t\t\t\t\t<div class=\"elementor-row\">\n\t\t\t\t\t<div class=\"elementor-column elementor-col-50 elementor-inner-column elementor-element elementor-element-efd5f24\" data-id=\"efd5f24\" data-element_type=\"column\" data-settings=\"{&quot;background_background&quot;:&quot;classic&quot;}\">\n\t\t\t<div class=\"elementor-column-wrap elementor-element-populated\">\n\t\t\t\t\t\t\t<div class=\"elementor-widget-wrap\">\n\t\t\t\t\t\t<div class=\"elementor-element elementor-element-13fea70 elementor-widget elementor-widget-image\" data-id=\"13fea70\" data-element_type=\"widget\" data-widget_type=\"image.default\">\n\t\t\t\t<div class=\"elementor-widget-container\">\n\t\t\t\t\t\t\t\t<div class=\"elementor-image\">\n\t\t\t\t\t\t\t\t\t\t\t\t<img loading=\"lazy\" decoding=\"async\" width=\"1080\" height=\"1080\" src=\"https:\/\/urbanasur.com\/wp-content\/uploads\/2023\/09\/IMG_20230908_192733_167.jpg\" class=\"elementor-animation-shrink attachment-full size-full\" alt=\"\" srcset=\"https:\/\/urbanasur.com\/wp-content\/uploads\/2023\/09\/IMG_20230908_192733_167.jpg 1080w, https:\/\/urbanasur.com\/wp-content\/uploads\/2023\/09\/IMG_20230908_192733_167-300x300.jpg 300w, https:\/\/urbanasur.com\/wp-content\/uploads\/2023\/09\/IMG_20230908_192733_167-1024x1024.jpg 1024w, https:\/\/urbanasur.com\/wp-content\/uploads\/2023\/09\/IMG_20230908_192733_167-150x150.jpg 150w, https:\/\/urbanasur.com\/wp-content\/uploads\/2023\/09\/IMG_20230908_192733_167-768x768.jpg 768w\" sizes=\"(max-width: 1080px) 100vw, 1080px\" \/>\t\t\t\t\t\t\t\t\t\t\t\t\t\t<\/div>\n\t\t\t\t\t\t<\/div>\n\t\t\t\t<\/div>\n\t\t\t\t\t\t<\/div>\n\t\t\t\t\t<\/div>\n\t\t<\/div>\n\t\t\t\t<div class=\"elementor-column elementor-col-50 elementor-inner-column elementor-element elementor-element-9209353\" data-id=\"9209353\" data-element_type=\"column\" data-settings=\"{&quot;background_background&quot;:&quot;classic&quot;}\">\n\t\t\t<div class=\"elementor-column-wrap elementor-element-populated\">\n\t\t\t\t\t\t\t<div class=\"elementor-widget-wrap\">\n\t\t\t\t\t\t<div class=\"elementor-element elementor-element-0147a42 elementor-widget elementor-widget-image\" data-id=\"0147a42\" data-element_type=\"widget\" data-widget_type=\"image.default\">\n\t\t\t\t<div class=\"elementor-widget-container\">\n\t\t\t\t\t\t\t\t<div class=\"elementor-image\">\n\t\t\t\t\t\t\t\t\t\t\t\t<img loading=\"lazy\" decoding=\"async\" width=\"768\" height=\"768\" src=\"https:\/\/urbanasur.com\/wp-content\/uploads\/2023\/09\/IMG_20230908_192733_208-768x768.jpg\" class=\"elementor-animation-shrink attachment-medium_large size-medium_large\" alt=\"\" srcset=\"https:\/\/urbanasur.com\/wp-content\/uploads\/2023\/09\/IMG_20230908_192733_208-768x768.jpg 768w, https:\/\/urbanasur.com\/wp-content\/uploads\/2023\/09\/IMG_20230908_192733_208-300x300.jpg 300w, https:\/\/urbanasur.com\/wp-content\/uploads\/2023\/09\/IMG_20230908_192733_208-1024x1024.jpg 1024w, https:\/\/urbanasur.com\/wp-content\/uploads\/2023\/09\/IMG_20230908_192733_208-150x150.jpg 150w, https:\/\/urbanasur.com\/wp-content\/uploads\/2023\/09\/IMG_20230908_192733_208.jpg 1080w\" sizes=\"(max-width: 768px) 100vw, 768px\" \/>\t\t\t\t\t\t\t\t\t\t\t\t\t\t<\/div>\n\t\t\t\t\t\t<\/div>\n\t\t\t\t<\/div>\n\t\t\t\t\t\t<\/div>\n\t\t\t\t\t<\/div>\n\t\t<\/div>\n\t\t\t\t\t\t\t\t<\/div>\n\t\t\t\t\t<\/div>\n\t\t<\/section>\n\t\t\t\t<section class=\"elementor-section elementor-inner-section elementor-element elementor-element-2a8aba0 elementor-section-boxed elementor-section-height-default elementor-section-height-default\" data-id=\"2a8aba0\" data-element_type=\"section\">\n\t\t\t\t\t\t<div class=\"elementor-container elementor-column-gap-default\">\n\t\t\t\t\t\t\t<div class=\"elementor-row\">\n\t\t\t\t\t<div class=\"elementor-column elementor-col-50 elementor-inner-column elementor-element elementor-element-686b6be\" data-id=\"686b6be\" data-element_type=\"column\" data-settings=\"{&quot;background_background&quot;:&quot;classic&quot;}\">\n\t\t\t<div class=\"elementor-column-wrap\">\n\t\t\t\t\t\t\t<div class=\"elementor-widget-wrap\">\n\t\t\t\t\t\t\t\t<\/div>\n\t\t\t\t\t<\/div>\n\t\t<\/div>\n\t\t\t\t<div class=\"elementor-column elementor-col-50 elementor-inner-column elementor-element elementor-element-7a02368\" data-id=\"7a02368\" data-element_type=\"column\" data-settings=\"{&quot;background_background&quot;:&quot;classic&quot;}\">\n\t\t\t<div class=\"elementor-column-wrap elementor-element-populated\">\n\t\t\t\t\t\t\t<div class=\"elementor-widget-wrap\">\n\t\t\t\t\t\t<div class=\"elementor-element elementor-element-5cc5dce elementor-widget elementor-widget-image\" data-id=\"5cc5dce\" data-element_type=\"widget\" data-widget_type=\"image.default\">\n\t\t\t\t<div class=\"elementor-widget-container\">\n\t\t\t\t\t\t\t\t<div class=\"elementor-image\">\n\t\t\t\t\t\t\t\t\t\t\t\t<img loading=\"lazy\" decoding=\"async\" width=\"768\" height=\"768\" src=\"https:\/\/urbanasur.com\/wp-content\/uploads\/2023\/09\/IMG_20230908_192733_298-768x768.jpg\" class=\"elementor-animation-shrink attachment-medium_large size-medium_large\" alt=\"\" srcset=\"https:\/\/urbanasur.com\/wp-content\/uploads\/2023\/09\/IMG_20230908_192733_298-768x768.jpg 768w, https:\/\/urbanasur.com\/wp-content\/uploads\/2023\/09\/IMG_20230908_192733_298-300x300.jpg 300w, https:\/\/urbanasur.com\/wp-content\/uploads\/2023\/09\/IMG_20230908_192733_298-1024x1024.jpg 1024w, https:\/\/urbanasur.com\/wp-content\/uploads\/2023\/09\/IMG_20230908_192733_298-150x150.jpg 150w, https:\/\/urbanasur.com\/wp-content\/uploads\/2023\/09\/IMG_20230908_192733_298.jpg 1080w\" sizes=\"(max-width: 768px) 100vw, 768px\" \/>\t\t\t\t\t\t\t\t\t\t\t\t\t\t<\/div>\n\t\t\t\t\t\t<\/div>\n\t\t\t\t<\/div>\n\t\t\t\t\t\t<\/div>\n\t\t\t\t\t<\/div>\n\t\t<\/div>\n\t\t\t\t\t\t\t\t<\/div>\n\t\t\t\t\t<\/div>\n\t\t<\/section>\n\t\t\t\t\t\t<\/div>\n\t\t\t\t\t<\/div>\n\t\t<\/div>\n\t\t\t\t\t\t\t\t<\/div>\n\t\t\t\t\t<\/div>\n\t\t<\/section>\n\t\t\t\t<section class=\"elementor-section elementor-top-section elementor-element elementor-element-708373c elementor-section-content-top elementor-section-boxed elementor-section-height-default elementor-section-height-default\" data-id=\"708373c\" data-element_type=\"section\" data-settings=\"{&quot;background_background&quot;:&quot;classic&quot;}\">\n\t\t\t\t\t\t\t<div class=\"elementor-background-overlay\"><\/div>\n\t\t\t\t\t\t\t<div class=\"elementor-container elementor-column-gap-no\">\n\t\t\t\t\t\t\t<div class=\"elementor-row\">\n\t\t\t\t\t<div class=\"elementor-column elementor-col-100 elementor-top-column elementor-element elementor-element-74548172\" data-id=\"74548172\" data-element_type=\"column\">\n\t\t\t<div class=\"elementor-column-wrap elementor-element-populated\">\n\t\t\t\t\t\t\t<div class=\"elementor-widget-wrap\">\n\t\t\t\t\t\t<section class=\"elementor-section elementor-inner-section elementor-element elementor-element-4801142 elementor-section-boxed elementor-section-height-default elementor-section-height-default\" data-id=\"4801142\" data-element_type=\"section\">\n\t\t\t\t\t\t<div class=\"elementor-container elementor-column-gap-default\">\n\t\t\t\t\t\t\t<div class=\"elementor-row\">\n\t\t\t\t\t<div class=\"elementor-column elementor-col-100 elementor-inner-column elementor-element elementor-element-24cc8812\" data-id=\"24cc8812\" data-element_type=\"column\">\n\t\t\t<div class=\"elementor-column-wrap elementor-element-populated\">\n\t\t\t\t\t\t\t<div class=\"elementor-widget-wrap\">\n\t\t\t\t\t\t<div class=\"elementor-element elementor-element-f4f3dc1 elementor-widget elementor-widget-heading\" data-id=\"f4f3dc1\" data-element_type=\"widget\" data-widget_type=\"heading.default\">\n\t\t\t\t<div class=\"elementor-widget-container\">\n\t\t\t<h2 class=\"elementor-heading-title elementor-size-default\">Misi\u00f3n: <\/h2>\t\t<\/div>\n\t\t\t\t<\/div>\n\t\t\t\t<div class=\"elementor-element elementor-element-32aa24b elementor-widget elementor-widget-heading\" data-id=\"32aa24b\" data-element_type=\"widget\" data-widget_type=\"heading.default\">\n\t\t\t\t<div class=\"elementor-widget-container\">\n\t\t\t<h2 class=\"elementor-heading-title elementor-size-default\">Contribuir con el desarrollo de la regi\u00f3n, mediante la ejecuci\u00f3n de proyectos de infraestructura y habitacional, procurando la sostenibilidad empresarial, en t\u00e9rminos de calidad, responsabilidad y eficiencia.<\/h2>\t\t<\/div>\n\t\t\t\t<\/div>\n\t\t\t\t<div class=\"elementor-element elementor-element-ea3965f elementor-widget-divider--view-line elementor-invisible elementor-widget elementor-widget-divider\" data-id=\"ea3965f\" data-element_type=\"widget\" data-settings=\"{&quot;_animation&quot;:&quot;fadeInLeft&quot;}\" data-widget_type=\"divider.default\">\n\t\t\t\t<div class=\"elementor-widget-container\">\n\t\t\t\t\t<div class=\"elementor-divider\">\n\t\t\t<span class=\"elementor-divider-separator\">\n\t\t\t\t\t\t<\/span>\n\t\t<\/div>\n\t\t\t\t<\/div>\n\t\t\t\t<\/div>\n\t\t\t\t<div class=\"elementor-element elementor-element-a46c4b8 elementor-widget elementor-widget-heading\" data-id=\"a46c4b8\" data-element_type=\"widget\" data-widget_type=\"heading.default\">\n\t\t\t\t<div class=\"elementor-widget-container\">\n\t\t\t<h2 class=\"elementor-heading-title elementor-size-default\">Visi\u00f3n: <\/h2>\t\t<\/div>\n\t\t\t\t<\/div>\n\t\t\t\t<div class=\"elementor-element elementor-element-196895a elementor-widget elementor-widget-heading\" data-id=\"196895a\" data-element_type=\"widget\" data-widget_type=\"heading.default\">\n\t\t\t\t<div class=\"elementor-widget-container\">\n\t\t\t<h2 class=\"elementor-heading-title elementor-size-default\">UCI SAS ser\u00e1 para el a\u00f1o 2030 la empresa l\u00edder en la regi\u00f3n, en la ejecuci\u00f3n de proyectos de vivienda e institucional, con la flexibilidad y la capacidad de adaptarse a los continuos cambios y requerimientos del mercado.<\/h2>\t\t<\/div>\n\t\t\t\t<\/div>\n\t\t\t\t<div class=\"elementor-element elementor-element-544fb1f elementor-widget-divider--view-line elementor-invisible elementor-widget elementor-widget-divider\" data-id=\"544fb1f\" data-element_type=\"widget\" data-settings=\"{&quot;_animation&quot;:&quot;fadeInRight&quot;}\" data-widget_type=\"divider.default\">\n\t\t\t\t<div class=\"elementor-widget-container\">\n\t\t\t\t\t<div class=\"elementor-divider\">\n\t\t\t<span class=\"elementor-divider-separator\">\n\t\t\t\t\t\t<\/span>\n\t\t<\/div>\n\t\t\t\t<\/div>\n\t\t\t\t<\/div>\n\t\t\t\t<div class=\"elementor-element elementor-element-40d3150 elementor-widget elementor-widget-heading\" data-id=\"40d3150\" data-element_type=\"widget\" data-widget_type=\"heading.default\">\n\t\t\t\t<div class=\"elementor-widget-container\">\n\t\t\t<h2 class=\"elementor-heading-title elementor-size-default\">Principios: <\/h2>\t\t<\/div>\n\t\t\t\t<\/div>\n\t\t\t\t<div class=\"elementor-element elementor-element-f29864c elementor-widget elementor-widget-heading\" data-id=\"f29864c\" data-element_type=\"widget\" data-widget_type=\"heading.default\">\n\t\t\t\t<div class=\"elementor-widget-container\">\n\t\t\t<h2 class=\"elementor-heading-title elementor-size-default\">Calidad \u2013 Respeto \u2013 Flexibilidad \u2013 Lealtad<br><\/h2>\t\t<\/div>\n\t\t\t\t<\/div>\n\t\t\t\t\t\t<\/div>\n\t\t\t\t\t<\/div>\n\t\t<\/div>\n\t\t\t\t\t\t\t\t<\/div>\n\t\t\t\t\t<\/div>\n\t\t<\/section>\n\t\t\t\t\t\t<\/div>\n\t\t\t\t\t<\/div>\n\t\t<\/div>\n\t\t\t\t\t\t\t\t<\/div>\n\t\t\t\t\t<\/div>\n\t\t<\/section>\n\t\t\t\t\t\t\t\t\t<\/div>\n\t\t\t<\/div>\n\t\t\t\t\t<\/div>\n\t\t","protected":false},"excerpt":{"rendered":"<p>SOMOS Profesionales apasionados, comprometidos y en constante actualizaci\u00f3n. EQUIPO DE MIEMBROS Misi\u00f3n: Contribuir con el desarrollo de la regi\u00f3n, mediante la ejecuci\u00f3n de proyectos de infraestructura y habitacional, procurando la sostenibilidad empresarial, en t\u00e9rminos de calidad, responsabilidad y eficiencia. Visi\u00f3n: UCI SAS ser\u00e1 para el a\u00f1o 2030 la empresa l\u00edder en la regi\u00f3n, en la &hellip;<\/p>\n<p class=\"read-more\"> <a class=\"\" href=\"https:\/\/urbanasur.com\/index.php\/sobre-nosotros\/\"> <span class=\"screen-reader-text\">Sobre Nosotros<\/span> Leer m\u00e1s &raquo;<\/a><\/p>\n","protected":false},"author":1,"featured_media":0,"parent":0,"menu_order":3,"comment_status":"closed","ping_status":"closed","template":"","meta":{"site-sidebar-layout":"no-sidebar","site-content-layout":"page-builder","ast-main-header-display":"","ast-hfb-above-header-display":"","ast-hfb-below-header-display":"","ast-hfb-mobile-header-display":"","site-post-title":"disabled","ast-breadcrumbs-content":"","ast-featured-img":"disabled","footer-sml-layout":"","theme-transparent-header-meta":"default","adv-header-id-meta":"","stick-header-meta":"","header-above-stick-meta":"","header-main-stick-meta":"","header-below-stick-meta":"","footnotes":""},"yoast_head":"<!-- This site is optimized with the Yoast SEO plugin v19.5.1 - https:\/\/yoast.com\/wordpress\/plugins\/seo\/ -->\n<title>Sobre Nosotros | Urbanasur Constructora Inmobiliaria<\/title>\n<meta name=\"robots\" content=\"index, follow, max-snippet:-1, max-image-preview:large, max-video-preview:-1\" \/>\n<link rel=\"canonical\" href=\"https:\/\/urbanasur.com\/index.php\/sobre-nosotros\/\" \/>\n<meta property=\"og:locale\" content=\"es_ES\" \/>\n<meta property=\"og:type\" content=\"article\" \/>\n<meta property=\"og:title\" content=\"Sobre Nosotros | Urbanasur Constructora Inmobiliaria\" \/>\n<meta property=\"og:description\" content=\"SOMOS Profesionales apasionados, comprometidos y en constante actualizaci\u00f3n. EQUIPO DE MIEMBROS Misi\u00f3n: Contribuir con el desarrollo de la regi\u00f3n, mediante la ejecuci\u00f3n de proyectos de infraestructura y habitacional, procurando la sostenibilidad empresarial, en t\u00e9rminos de calidad, responsabilidad y eficiencia. Visi\u00f3n: UCI SAS ser\u00e1 para el a\u00f1o 2030 la empresa l\u00edder en la regi\u00f3n, en la &hellip; Sobre Nosotros Leer m\u00e1s &raquo;\" \/>\n<meta property=\"og:url\" content=\"https:\/\/urbanasur.com\/index.php\/sobre-nosotros\/\" \/>\n<meta property=\"og:site_name\" content=\"Urbanasur Constructora Inmobiliaria\" \/>\n<meta property=\"article:publisher\" content=\"https:\/\/www.facebook.com\/Umbral-Constructora-Inmobiliaria-SAS-1762503877367925\" \/>\n<meta property=\"article:modified_time\" content=\"2024-02-14T16:41:57+00:00\" \/>\n<meta property=\"og:image\" content=\"https:\/\/urbanasur.com\/wp-content\/uploads\/2023\/09\/IMG_20230908_192733_167.jpg\" \/>\n<meta name=\"twitter:card\" content=\"summary_large_image\" \/>\n<meta name=\"twitter:label1\" content=\"Tiempo estimado de lectura\" \/>\n\t<meta name=\"twitter:data1\" content=\"1 minuto\" \/>\n<script type=\"application\/ld+json\" class=\"yoast-schema-graph\">{\"@context\":\"https:\/\/schema.org\",\"@graph\":[{\"@type\":\"WebPage\",\"@id\":\"https:\/\/urbanasur.com\/index.php\/sobre-nosotros\/\",\"url\":\"https:\/\/urbanasur.com\/index.php\/sobre-nosotros\/\",\"name\":\"Sobre Nosotros | Urbanasur Constructora Inmobiliaria\",\"isPartOf\":{\"@id\":\"https:\/\/urbanasur.com\/#website\"},\"datePublished\":\"2020-10-23T20:16:00+00:00\",\"dateModified\":\"2024-02-14T16:41:57+00:00\",\"breadcrumb\":{\"@id\":\"https:\/\/urbanasur.com\/index.php\/sobre-nosotros\/#breadcrumb\"},\"inLanguage\":\"es-CO\",\"potentialAction\":[{\"@type\":\"ReadAction\",\"target\":[\"https:\/\/urbanasur.com\/index.php\/sobre-nosotros\/\"]}]},{\"@type\":\"BreadcrumbList\",\"@id\":\"https:\/\/urbanasur.com\/index.php\/sobre-nosotros\/#breadcrumb\",\"itemListElement\":[{\"@type\":\"ListItem\",\"position\":1,\"name\":\"Home\",\"item\":\"https:\/\/urbanasur.com\/\"},{\"@type\":\"ListItem\",\"position\":2,\"name\":\"Sobre Nosotros\"}]},{\"@type\":\"WebSite\",\"@id\":\"https:\/\/urbanasur.com\/#website\",\"url\":\"https:\/\/urbanasur.com\/\",\"name\":\"Umbral Constructora Inmobiliaria\",\"description\":\"Soluciones de Arquitectura, Ingenier\u00eda e Inmobiliarias\",\"publisher\":{\"@id\":\"https:\/\/urbanasur.com\/#organization\"},\"potentialAction\":[{\"@type\":\"SearchAction\",\"target\":{\"@type\":\"EntryPoint\",\"urlTemplate\":\"https:\/\/urbanasur.com\/?s={search_term_string}\"},\"query-input\":\"required name=search_term_string\"}],\"inLanguage\":\"es-CO\"},{\"@type\":\"Organization\",\"@id\":\"https:\/\/urbanasur.com\/#organization\",\"name\":\"Umbral Constructora Inmobiliaria\",\"url\":\"https:\/\/urbanasur.com\/\",\"sameAs\":[\"https:\/\/www.facebook.com\/Umbral-Constructora-Inmobiliaria-SAS-1762503877367925\"],\"logo\":{\"@type\":\"ImageObject\",\"inLanguage\":\"es-CO\",\"@id\":\"https:\/\/urbanasur.com\/#\/schema\/logo\/image\/\",\"url\":\"https:\/\/urbanasur.com\/wp-content\/uploads\/2020\/11\/logo-2.png\",\"contentUrl\":\"https:\/\/urbanasur.com\/wp-content\/uploads\/2020\/11\/logo-2.png\",\"width\":3032,\"height\":1576,\"caption\":\"Umbral Constructora Inmobiliaria\"},\"image\":{\"@id\":\"https:\/\/urbanasur.com\/#\/schema\/logo\/image\/\"}}]}<\/script>\n<!-- \/ Yoast SEO plugin. -->","yoast_head_json":{"title":"Sobre Nosotros | Urbanasur Constructora Inmobiliaria","robots":{"index":"index","follow":"follow","max-snippet":"max-snippet:-1","max-image-preview":"max-image-preview:large","max-video-preview":"max-video-preview:-1"},"canonical":"https:\/\/urbanasur.com\/index.php\/sobre-nosotros\/","og_locale":"es_ES","og_type":"article","og_title":"Sobre Nosotros | Urbanasur Constructora Inmobiliaria","og_description":"SOMOS Profesionales apasionados, comprometidos y en constante actualizaci\u00f3n. EQUIPO DE MIEMBROS Misi\u00f3n: Contribuir con el desarrollo de la regi\u00f3n, mediante la ejecuci\u00f3n de proyectos de infraestructura y habitacional, procurando la sostenibilidad empresarial, en t\u00e9rminos de calidad, responsabilidad y eficiencia. Visi\u00f3n: UCI SAS ser\u00e1 para el a\u00f1o 2030 la empresa l\u00edder en la regi\u00f3n, en la &hellip; Sobre Nosotros Leer m\u00e1s &raquo;","og_url":"https:\/\/urbanasur.com\/index.php\/sobre-nosotros\/","og_site_name":"Urbanasur Constructora Inmobiliaria","article_publisher":"https:\/\/www.facebook.com\/Umbral-Constructora-Inmobiliaria-SAS-1762503877367925","article_modified_time":"2024-02-14T16:41:57+00:00","og_image":[{"url":"https:\/\/urbanasur.com\/wp-content\/uploads\/2023\/09\/IMG_20230908_192733_167.jpg"}],"twitter_card":"summary_large_image","twitter_misc":{"Tiempo estimado de lectura":"1 minuto"},"schema":{"@context":"https:\/\/schema.org","@graph":[{"@type":"WebPage","@id":"https:\/\/urbanasur.com\/index.php\/sobre-nosotros\/","url":"https:\/\/urbanasur.com\/index.php\/sobre-nosotros\/","name":"Sobre Nosotros | Urbanasur Constructora Inmobiliaria","isPartOf":{"@id":"https:\/\/urbanasur.com\/#website"},"datePublished":"2020-10-23T20:16:00+00:00","dateModified":"2024-02-14T16:41:57+00:00","breadcrumb":{"@id":"https:\/\/urbanasur.com\/index.php\/sobre-nosotros\/#breadcrumb"},"inLanguage":"es-CO","potentialAction":[{"@type":"ReadAction","target":["https:\/\/urbanasur.com\/index.php\/sobre-nosotros\/"]}]},{"@type":"BreadcrumbList","@id":"https:\/\/urbanasur.com\/index.php\/sobre-nosotros\/#breadcrumb","itemListElement":[{"@type":"ListItem","position":1,"name":"Home","item":"https:\/\/urbanasur.com\/"},{"@type":"ListItem","position":2,"name":"Sobre Nosotros"}]},{"@type":"WebSite","@id":"https:\/\/urbanasur.com\/#website","url":"https:\/\/urbanasur.com\/","name":"Umbral Constructora Inmobiliaria","description":"Soluciones de Arquitectura, Ingenier\u00eda e Inmobiliarias","publisher":{"@id":"https:\/\/urbanasur.com\/#organization"},"potentialAction":[{"@type":"SearchAction","target":{"@type":"EntryPoint","urlTemplate":"https:\/\/urbanasur.com\/?s={search_term_string}"},"query-input":"required name=search_term_string"}],"inLanguage":"es-CO"},{"@type":"Organization","@id":"https:\/\/urbanasur.com\/#organization","name":"Umbral Constructora Inmobiliaria","url":"https:\/\/urbanasur.com\/","sameAs":["https:\/\/www.facebook.com\/Umbral-Constructora-Inmobiliaria-SAS-1762503877367925"],"logo":{"@type":"ImageObject","inLanguage":"es-CO","@id":"https:\/\/urbanasur.com\/#\/schema\/logo\/image\/","url":"https:\/\/urbanasur.com\/wp-content\/uploads\/2020\/11\/logo-2.png","contentUrl":"https:\/\/urbanasur.com\/wp-content\/uploads\/2020\/11\/logo-2.png","width":3032,"height":1576,"caption":"Umbral Constructora Inmobiliaria"},"image":{"@id":"https:\/\/urbanasur.com\/#\/schema\/logo\/image\/"}}]}},"_links":{"self":[{"href":"https:\/\/urbanasur.com\/index.php\/wp-json\/wp\/v2\/pages\/55"}],"collection":[{"href":"https:\/\/urbanasur.com\/index.php\/wp-json\/wp\/v2\/pages"}],"about":[{"href":"https:\/\/urbanasur.com\/index.php\/wp-json\/wp\/v2\/types\/page"}],"author":[{"embeddable":true,"href":"https:\/\/urbanasur.com\/index.php\/wp-json\/wp\/v2\/users\/1"}],"replies":[{"embeddable":true,"href":"https:\/\/urbanasur.com\/index.php\/wp-json\/wp\/v2\/comments?post=55"}],"version-history":[{"count":170,"href":"https:\/\/urbanasur.com\/index.php\/wp-json\/wp\/v2\/pages\/55\/revisions"}],"predecessor-version":[{"id":2822,"href":"https:\/\/urbanasur.com\/index.php\/wp-json\/wp\/v2\/pages\/55\/revisions\/2822"}],"wp:attachment":[{"href":"https:\/\/urbanasur.com\/index.php\/wp-json\/wp\/v2\/media?parent=55"}],"curies":[{"name":"wp","href":"https:\/\/api.w.org\/{rel}","templated":true}]}}